{"id":2695,"date":"2025-02-10T12:09:04","date_gmt":"2025-02-10T12:09:04","guid":{"rendered":"https:\/\/q-nnect.me\/privacy-policy\/"},"modified":"2025-10-01T15:05:20","modified_gmt":"2025-10-01T15:05:20","slug":"datenschutzerklaerung","status":"publish","type":"page","link":"https:\/\/q-nnect.me\/de\/datenschutzerklaerung\/","title":{"rendered":"Datenschutzerkl\u00e4rung"},"content":{"rendered":"\r\n<p><strong>1. Inhalt, Umfang und Verantwortlicher<\/strong><br \/> <br \/>Die folgende Erkl\u00e4rung informiert Sie \u00fcber die Verarbeitung Ihrer personenbezogenen Daten, wenn Sie unsere Website www.q-nnect.com besuchen oder wenn Sie \u00fcber unsere Website Kontakt mit uns aufnehmen. Personenbezogene Daten sind alle Informationen, die sich auf eine identifizierte oder identifizierbare nat\u00fcrliche Person beziehen.<br \/> <br \/>Wir haben auf unserer Website Tools integriert, mit denen wir Daten unserer Website-Besucher verarbeiten k\u00f6nnen, ohne dass diese uns die Daten aktiv \u00fcberlassen.<br \/> <br \/>Im Folgenden erl\u00e4utern wir Ihnen detailliert, wie wir welche Daten auf welcher Rechtsgrundlage erheben. Dar\u00fcber hinaus erkl\u00e4ren wir Ihnen, welche Rechte Sie haben und wie lange Ihre Daten gespeichert werden. Ihre Daten werden gem\u00e4\u00df den Bestimmungen der EU-Datenschutzgrundverordnung (DS-GVO), des Bundesdatenschutzgesetzes (BDSG) und des Telemediengesetzes (TMG) sowie aller anderen geltenden gesetzlichen Bestimmungen verarbeitet. <br \/> <br \/><strong>Verantwortlich f\u00fcr die Datenverarbeitung ist:<\/strong><br \/> <br \/>Q-nnect AG<br \/>\u00dcberseeallee 10<br \/>20457 Hamburg<br \/>Deutschland<br \/> <br \/>E-Mail: datenschutz@q-nnect.com<br \/> <br \/><strong>Sie erreichen unseren Datenschutzbeauftragten unter:<\/strong><br \/> <br \/>datenschutz@q-nnect.com<br \/> <br \/>Q-nnect AG<br \/>\u00dcberseeallee 10<br \/>20457 Hamburg<br \/>Deutschland<br \/> <br \/><strong>2. Verarbeitung Ihrer Daten bei Kontaktaufnahme; Verarbeitung personenbezogener Daten von Bewerbern<\/strong><br \/> <br \/>Wenn Sie uns durch Kontaktaufnahme, z. B. per E-Mail, personenbezogene Daten zur Verf\u00fcgung stellen, verarbeiten wir Ihre Daten gem\u00e4\u00df Art. 6 Abs. 1 S. 1 lit. b) DSGVO zum Zwecke der Vertragserf\u00fcllung oder zur Durchf\u00fchrung vorvertraglicher Ma\u00dfnahmen aufgrund Ihrer Anfrage oder gem\u00e4\u00df Art. 6 Abs. 1 S. 1 lit. f) DSGVO aufgrund unseres berechtigten Interesses an der Beantwortung Ihrer Anfrage. <br \/> <br \/>Wenn Sie uns Ihre Daten und Bewerbungsunterlagen zusenden, verarbeiten wir Ihre personenbezogenen Daten auf Grundlage von \u00a7 26 BDSG. Danach ist die Verarbeitung von Daten, die im Zusammenhang mit der Entscheidung \u00fcber die Begr\u00fcndung eines Besch\u00e4ftigungsverh\u00e4ltnisses erforderlich ist, zul\u00e4ssig. <br \/> <br \/>Sollten die Daten nach Abschluss des Bewerbungsverfahrens f\u00fcr eine rechtliche Verfolgung erforderlich sein, kann die Datenverarbeitung auf Grundlage der Anforderungen des Art. 6 DSGVO erfolgen, insbesondere zur Wahrung berechtigter Interessen gem\u00e4\u00df Art. 6 Abs. 1 S. 1 f) DSGVO. Unser Interesse besteht dann in der Geltendmachung oder Abwehr von Anspr\u00fcchen. <br \/> <br \/>Im Falle einer Ablehnung werden Ihre Bewerbungsdaten nach 6 Monaten gel\u00f6scht, sofern Sie einer l\u00e4ngerfristigen Speicherung in unserer Bewerberdatenbank nicht zugestimmt haben. <br \/> <br \/><strong>3. Verarbeitung Ihrer Daten \u00fcber Logfiles<\/strong><br \/> <br \/>Auf Grundlage von Artikel 6 Absatz 1 Satz 1 f) DS-GVO verwendet unsere Website sogenannte Logfiles, in denen bei jedem Aufruf einer Webseite Zugriffsdaten gespeichert werden, aufgrund unseres und unseres Hosting-Providers berechtigten Interesses an der Verbesserung der Stabilit\u00e4t und Funktionalit\u00e4t sowie der Sicherheit unserer Website. Die in diesen Logfiles gespeicherten Datens\u00e4tze enthalten folgende Daten:<\/p>\r\n<ul>\r\n<li>Ihre IP-Adresse, das Datum, die Uhrzeit, zu welcher Datei der Zugriff erfolgte, der Status, die Anfrage Ihres Browsers an den Server, die \u00fcbertragene Datenmenge und die Webseite, von der aus Sie auf die angeforderte Seite gelangt sind (Referrer), sowie<br \/> <\/li>\r\n<li>die Produkt- und Versionsangaben des verwendeten Browsers, Ihr Betriebssystem und Ihr Herkunftsland.<\/li>\r\n<\/ul>\r\n<p>Die Protokolldaten (Logs) werden anonym, d. h. ohne Zuordnung oder Bezug zu Ihrer Person, nur zum Zweck der Erkennung und gegebenenfalls Verhinderung von Angriffen auf unsere Website verwendet. Wir behalten uns vor, IP-Adressen im Einzelfall vollst\u00e4ndig zu speichern und auszuwerten, wenn aufgrund bestimmter Tatsachen der Verdacht besteht, dass Nutzer unsere Websites und\/oder unsere Dienste rechtswidrig oder vertragswidrig nutzen. Sobald wir die IP-Adresse nicht mehr ben\u00f6tigen, wird sie anonymisiert.<br \/> <br \/><strong>4. Verarbeitung Ihrer Daten durch Cookies<\/strong><br \/><strong>a) Technisch notwendige Cookies<\/strong><br \/><br \/>Wenn Sie unsere Website aufrufen, weisen wir Sie darauf hin, dass wir Cookies verwenden. Die technisch notwendigen Cookies m\u00fcssen gesetzt werden, da unsere Website ohne sie nicht reibungslos funktioniert. Dabei handelt es sich zum einen um Session-Cookies, also Cookies, die beim Schlie\u00dfen des Browsers verfallen, d. h. automatisch gel\u00f6scht werden. Mit diesen erm\u00f6glichen wir Ihnen, Ihren Warenkorb im Q Store zu f\u00fcllen. Wir speichern diese Cookies auf Grundlage von Artikel 6 Absatz 1 Satz 1 b) DS-GVO, da sie f\u00fcr die Erf\u00fcllung eines Vertrags, dessen Vertragspartei die betroffene Person ist, oder f\u00fcr die Durchf\u00fchrung vorvertraglicher Ma\u00dfnahmen erforderlich sind, die auf Anfrage der betroffenen Person erfolgen. Ohne diese Cookies k\u00f6nnen wir technisch keinen Verkauf \u00fcber unsere Plattform anbieten. <br \/> <br \/>Andererseits speichern wir permanente Cookies, um Ihren Besuch auf unserer Website angenehmer zu gestalten. Hieran haben wir ein berechtigtes Interesse, sodass die Rechtsgrundlage f\u00fcr die Speicherung Artikel 6 Absatz 1 Satz 1 f) DSGVO ist. Wir speichern solche Cookies beispielsweise, um Ihre Spracheinstellungen oder Ihre Anmeldung zu speichern, wenn Sie dies so eingestellt haben. Die Cookies enthalten keine Daten, die sich auf Ihre Person beziehen, sondern nur Identifikationsnummern, die von unserem Server erkannt werden. <br \/> <br \/><strong>b) Cookies zu Analysezwecken<\/strong><br \/> <br \/>Wenn Sie zu Beginn Ihres Besuchs auf unserer Website im Cookie-Banner auf \u201eAlle akzeptieren\u201c klicken, erkl\u00e4ren Sie sich mit der Speicherung eines Cookies zur Analyse und Auswertung Ihres Besuchs auf unserer Website einverstanden. Zu diesem Zweck verwenden wir Matomo, einen Dienst der InnoCraft Ltd., 150 Willis St, 6011 Wellington, Neuseeland, NZBN 6106769, (\u201eMatomo\u201c). Der Schutz Ihrer Daten ist uns wichtig, daher haben wir Matomo zus\u00e4tzlich so konfiguriert, dass Ihre IP-Adresse nur in gek\u00fcrzter Form erfasst wird. Eine R\u00fcckschluss auf Ihre Person ist f\u00fcr uns nicht m\u00f6glich. Weitere Informationen zu den Nutzungsbedingungen von Matomo und den Datenschutzbestimmungen finden Sie unter: <a href=\"https:\/\/matomo.org\/privacy\/\" target=\"_blank\" rel=\"noopener\">https:\/\/matomo.org\/privacy\/<\/a> Ihre Einwilligung ist die Rechtsgrundlage f\u00fcr unsere Datenverarbeitung und kann jederzeit widerrufen werden. <br \/> <br \/><strong>5. Hinweise zur Sicherheit Ihrer Daten<\/strong><br \/> <br \/>Wir haben technische und organisatorische Sicherheitsma\u00dfnahmen getroffen, um Ihre Daten vor Verlust, Zerst\u00f6rung, Manipulation und unberechtigtem Zugriff zu sch\u00fctzen. Alle unsere Mitarbeiter und alle an unserer Datenverarbeitung beteiligten Personen sind verpflichtet, die DS-GVO, das BDSG-neu und andere datenschutzrelevante Gesetze einzuhalten und personenbezogene Daten vertraulich zu behandeln. <br \/> <br \/>Bei der Erhebung und Verarbeitung personenbezogener Daten werden die Informationen in verschl\u00fcsselter Form \u00fcbertragen, um einen Missbrauch der Daten durch Dritte zu verhindern. Unsere Sicherheitsma\u00dfnahmen werden entsprechend der technologischen Entwicklung st\u00e4ndig \u00fcberpr\u00fcft.<br \/> <br \/><strong>6. Kategorien von Empf\u00e4ngern der Daten; Daten\u00fcbermittlung in ein Drittland<\/strong><br \/> <br \/>Neben den in dieser Datenschutzerkl\u00e4rung genannten Dienstleistern k\u00f6nnen auch andere Dienstleister und Beauftragte, die wir im Zusammenhang mit der Website und unseren Systemen einsetzen, z. B. Hosting-Anbieter, Agenturen, IT-Dienstleister oder z. B. E-Mail-Dienstleister, Zugriff auf Ihre personenbezogenen Daten haben. Soweit diese Dienstleister und Erf\u00fcllungsgehilfen jedoch in unserem Auftrag handeln, tun sie dies nur gem\u00e4\u00df unseren Weisungen und sind von uns entsprechend vertraglich gebunden. Dies gilt auch f\u00fcr Dienstleister mit Sitz in einem Drittland (einem Staat au\u00dferhalb der EU oder des EWR).<br \/> <br \/><strong>7. Ihre Rechte<\/strong><br \/> <br \/>Gem\u00e4\u00df Artikel 15 DS-GVO haben Sie das Recht, unentgeltlich Auskunft \u00fcber die zu Ihrer Person gespeicherten personenbezogenen Daten zu erhalten. Sie haben au\u00dferdem das Recht, unrichtige Daten gem\u00e4\u00df den Artikeln 16, 17 und 18 der DS-GVO berichtigen, sperren oder l\u00f6schen zu lassen. Unter den in Artikel 20 DS-GVO genannten Voraussetzungen haben Sie au\u00dferdem das Recht, die Sie betreffenden personenbezogenen Daten, die bei uns gespeichert sind, in einem strukturierten, g\u00e4ngigen und maschinenlesbaren Format zu erhalten und diese Daten ungehindert an einen anderen Verantwortlichen zu \u00fcbermitteln. Dar\u00fcber hinaus haben Sie gem\u00e4\u00df Artikel 21 Absatz 1 DS-GVO das Recht, aus Gr\u00fcnden, die sich aus Ihrer besonderen Situation ergeben, gegen die Verarbeitung Sie betreffender personenbezogener Daten, die auf der Grundlage von Artikel 6 Absatz 1 Satz 1 e) oder f) DS-GVO erfolgt, einschlie\u00dflich Profiling, Widerspruch einzulegen. Werden Ihre personenbezogenen Daten zum Zwecke der Direktwerbung verarbeitet, haben Sie das Recht, jederzeit Widerspruch gegen die Verarbeitung Ihrer Daten f\u00fcr solche Werbezwecke, einschlie\u00dflich Profiling, einzulegen, soweit dies mit solcher Direktwerbung in Verbindung steht, gem\u00e4\u00df Artikel 21 Absatz 2 DS-GVO. <br \/> <br \/>Wir werden Ihren vorgenannten Rechten nachkommen, soweit die gesetzlichen Voraussetzungen f\u00fcr die Geltendmachung der Rechte erf\u00fcllt sind. <br \/>Bei Anfragen bez\u00fcglich Ihrer personenbezogenen Daten wenden Sie sich bitte an unseren Datenschutzbeauftragten, dessen Kontaktdaten am Anfang dieser Datenschutzerkl\u00e4rung angegeben sind. Jede betroffene Person hat au\u00dferdem das Recht, sich bei einer Datenschutzaufsichtsbeh\u00f6rde \u00fcber die Verarbeitung der Daten durch uns zu beschweren. <br \/> <br \/><strong>8. Dauer der Speicherung und routinem\u00e4\u00dfige L\u00f6schung<\/strong><br \/> <br \/>Sofern in dieser Datenschutzerkl\u00e4rung nicht ausdr\u00fccklich anders angegeben, verarbeiten und speichern wir personenbezogene Daten nur f\u00fcr den Zeitraum, der zur Erreichung des Zwecks der Verarbeitung erforderlich ist oder der aufgrund von Gesetzen oder Vorschriften, denen wir unterliegen, vorgeschrieben ist. <br \/> <br \/>Entf\u00e4llt der Speicherzweck oder l\u00e4uft eine gesetzlich vorgeschriebene Speicherfrist ab, werden die personenbezogenen Daten routinem\u00e4\u00dfig und entsprechend den gesetzlichen Bestimmungen gesperrt oder gel\u00f6scht.\r\n\r\n<p>&nbsp;<\/p>","protected":false},"excerpt":{"rendered":"<p>1. Inhalt, Umfang und Verantwortlicher Die folgende Erkl\u00e4rung informiert Sie \u00fcber die Verarbeitung Ihrer personenbezogenen Daten, wenn Sie unsere Website [&hellip;]<\/p>\n","protected":false},"author":1,"featured_media":0,"parent":0,"menu_order":0,"comment_status":"closed","ping_status":"open","template":"","meta":{"_acf_changed":false,"site-sidebar-layout":"default","site-content-layout":"","ast-site-content-layout":"default","site-content-style":"default","site-sidebar-style":"default","ast-global-header-display":"","ast-banner-title-visibility":"","ast-main-header-display":"","ast-hfb-above-header-display":"","ast-hfb-below-header-display":"","ast-hfb-mobile-header-display":"","site-post-title":"","ast-breadcrumbs-content":"","ast-featured-img":"","footer-sml-layout":"","theme-transparent-header-meta":"default","adv-header-id-meta":"","stick-header-meta":"","header-above-stick-meta":"","header-main-stick-meta":"","header-below-stick-meta":"","astra-migrate-meta-layouts":"set","ast-page-background-enabled":"default","ast-page-background-meta":{"desktop":{"background-color":"var(--ast-global-color-5)","background-image":"","background-repeat":"repeat","background-position":"center center","background-size":"auto","background-attachment":"scroll","background-type":"","background-media":"","overlay-type":"","overlay-color":"","overlay-opacity":"","overlay-gradient":""},"tablet":{"background-color":"","background-image":"","background-repeat":"repeat","background-position":"center center","background-size":"auto","background-attachment":"scroll","background-type":"","background-media":"","overlay-type":"","overlay-color":"","overlay-opacity":"","overlay-gradient":""},"mobile":{"background-color":"","background-image":"","background-repeat":"repeat","background-position":"center center","background-size":"auto","background-attachment":"scroll","background-type":"","background-media":"","overlay-type":"","overlay-color":"","overlay-opacity":"","overlay-gradient":""}},"ast-content-background-meta":{"desktop":{"background-color":"var(--ast-global-color-4)","background-image":"","background-repeat":"repeat","background-position":"center center","background-size":"auto","background-attachment":"scroll","background-type":"","background-media":"","overlay-type":"","overlay-color":"","overlay-opacity":"","overlay-gradient":""},"tablet":{"background-color":"var(--ast-global-color-4)","background-image":"","background-repeat":"repeat","background-position":"center center","background-size":"auto","background-attachment":"scroll","background-type":"","background-media":"","overlay-type":"","overlay-color":"","overlay-opacity":"","overlay-gradient":""},"mobile":{"background-color":"var(--ast-global-color-4)","background-image":"","background-repeat":"repeat","background-position":"center center","background-size":"auto","background-attachment":"scroll","background-type":"","background-media":"","overlay-type":"","overlay-color":"","overlay-opacity":"","overlay-gradient":""}},"footnotes":""},"class_list":["post-2695","page","type-page","status-publish","hentry"],"acf":[],"_links":{"self":[{"href":"https:\/\/q-nnect.me\/de\/wp-json\/wp\/v2\/pages\/2695","targetHints":{"allow":["GET"]}}],"collection":[{"href":"https:\/\/q-nnect.me\/de\/wp-json\/wp\/v2\/pages"}],"about":[{"href":"https:\/\/q-nnect.me\/de\/wp-json\/wp\/v2\/types\/page"}],"author":[{"embeddable":true,"href":"https:\/\/q-nnect.me\/de\/wp-json\/wp\/v2\/users\/1"}],"replies":[{"embeddable":true,"href":"https:\/\/q-nnect.me\/de\/wp-json\/wp\/v2\/comments?post=2695"}],"version-history":[{"count":4,"href":"https:\/\/q-nnect.me\/de\/wp-json\/wp\/v2\/pages\/2695\/revisions"}],"predecessor-version":[{"id":2699,"href":"https:\/\/q-nnect.me\/de\/wp-json\/wp\/v2\/pages\/2695\/revisions\/2699"}],"wp:attachment":[{"href":"https:\/\/q-nnect.me\/de\/wp-json\/wp\/v2\/media?parent=2695"}],"curies":[{"name":"wp","href":"https:\/\/api.w.org\/{rel}","templated":true}]}}