{"id":2670,"date":"2025-02-19T13:39:19","date_gmt":"2025-02-19T13:39:19","guid":{"rendered":"https:\/\/q-nnect.me\/values\/"},"modified":"2025-10-01T14:22:50","modified_gmt":"2025-10-01T14:22:50","slug":"werte","status":"publish","type":"page","link":"https:\/\/q-nnect.me\/de\/werte\/","title":{"rendered":"Unsere Werte \u2013 Grunds\u00e4tze, die unser Ziel pr\u00e4gen"},"content":{"rendered":"\t\t<div data-elementor-type=\"wp-page\" data-elementor-id=\"2670\" class=\"elementor elementor-2670 elementor-665\" data-elementor-post-type=\"page\">\n\t\t\t\t<div class=\"elementor-element elementor-element-b6eda5a e-flex e-con-boxed e-con e-parent\" data-id=\"b6eda5a\" data-element_type=\"container\" data-settings=\"{&quot;jet_parallax_layout_list&quot;:[]}\">\n\t\t\t\t\t<div class=\"e-con-inner\">\n\t\t<div class=\"elementor-element elementor-element-1880276 e-con-full e-flex e-con e-child\" data-id=\"1880276\" data-element_type=\"container\" data-settings=\"{&quot;jet_parallax_layout_list&quot;:[]}\">\n\t\t\t\t<div class=\"elementor-element elementor-element-7b703b9 elementor-icon-list--layout-inline elementor-list-item-link-full_width elementor-widget elementor-widget-icon-list\" data-id=\"7b703b9\" data-element_type=\"widget\" data-widget_type=\"icon-list.default\">\n\t\t\t\t\t\t\t<ul class=\"elementor-icon-list-items elementor-inline-items\">\n\t\t\t\t\t\t\t<li class=\"elementor-icon-list-item elementor-inline-item\">\n\t\t\t\t\t\t\t\t\t\t\t<a href=\"https:\/\/q-nnect.me\/\">\n\n\t\t\t\t\t\t\t\t\t\t\t\t<span class=\"elementor-icon-list-icon\">\n\t\t\t\t\t\t\t<svg xmlns=\"http:\/\/www.w3.org\/2000\/svg\" width=\"20\" height=\"20\" viewBox=\"0 0 20 20\" fill=\"none\"><g id=\"20\/home2\" clip-path=\"url(#clip0_162340_1021)\"><path id=\"icon\" d=\"M10.0013 14.9921V12.4921M7.51797 2.36713L3.0263 5.86713C2.2763 6.45046 1.66797 7.69213 1.66797 8.63379V14.8088C1.66797 16.7421 3.24297 18.3255 5.1763 18.3255H14.8263C16.7596 18.3255 18.3346 16.7421 18.3346 14.8171V8.75046C18.3346 7.74213 17.6596 6.45046 16.8346 5.87546L11.6846 2.26713C10.518 1.45046 8.64297 1.49213 7.51797 2.36713Z\" stroke=\"#4D6D8C\" stroke-width=\"1.5\" stroke-linecap=\"round\" stroke-linejoin=\"round\"><\/path><\/g><defs><clipPath id=\"clip0_162340_1021\"><rect width=\"20\" height=\"20\" fill=\"white\"><\/rect><\/clipPath><\/defs><\/svg>\t\t\t\t\t\t<\/span>\n\t\t\t\t\t\t\t\t\t\t<span class=\"elementor-icon-list-text\">Home<\/span>\n\t\t\t\t\t\t\t\t\t\t\t<\/a>\n\t\t\t\t\t\t\t\t\t<\/li>\n\t\t\t\t\t\t<\/ul>\n\t\t\t\t\t\t<\/div>\n\t\t\t\t<div class=\"elementor-element elementor-element-60b8f63 elementor-icon-list--layout-inline elementor-list-item-link-full_width elementor-widget elementor-widget-icon-list\" data-id=\"60b8f63\" data-element_type=\"widget\" data-widget_type=\"icon-list.default\">\n\t\t\t\t\t\t\t<ul class=\"elementor-icon-list-items elementor-inline-items\">\n\t\t\t\t\t\t\t<li class=\"elementor-icon-list-item elementor-inline-item\">\n\t\t\t\t\t\t\t\t\t\t\t<span class=\"elementor-icon-list-icon\">\n\t\t\t\t\t\t\t<svg xmlns=\"http:\/\/www.w3.org\/2000\/svg\" width=\"6\" height=\"8\" viewBox=\"0 0 6 8\" fill=\"none\"><path id=\"Icon\" d=\"M1.25 0.75L4.75 4.25L1.25 7.25\" stroke=\"#75C74C\" stroke-width=\"1.5\" stroke-linecap=\"round\" stroke-linejoin=\"round\"><\/path><\/svg>\t\t\t\t\t\t<\/span>\n\t\t\t\t\t\t\t\t\t\t<span class=\"elementor-icon-list-text\">Unsere Werte \u2013 Grunds\u00e4tze, die unser Ziel pr\u00e4gen<\/span>\n\t\t\t\t\t\t\t\t\t<\/li>\n\t\t\t\t\t\t<\/ul>\n\t\t\t\t\t\t<\/div>\n\t\t\t\t<\/div>\n\t\t\t\t<div class=\"elementor-element elementor-element-dcf5887 elementor-widget__width-inherit elementor-widget elementor-widget-heading\" data-id=\"dcf5887\" data-element_type=\"widget\" data-widget_type=\"heading.default\">\n\t\t\t\t\t<h1 class=\"elementor-heading-title elementor-size-default\">Unsere Werte<\/h1>\t\t\t\t<\/div>\n\t\t\t\t<div class=\"elementor-element elementor-element-1140202 elementor-widget__width-initial elementor-widget-tablet__width-inherit elementor-widget elementor-widget-heading\" data-id=\"1140202\" data-element_type=\"widget\" data-widget_type=\"heading.default\">\n\t\t\t\t\t<p class=\"elementor-heading-title elementor-size-default\">Die Grunds\u00e4tze, die unser Ziel und unsere Gemeinschaft pr\u00e4gen<\/p>\t\t\t\t<\/div>\n\t\t<div class=\"elementor-element elementor-element-8401149 e-con-full e-flex e-con e-child\" data-id=\"8401149\" data-element_type=\"container\" data-settings=\"{&quot;background_background&quot;:&quot;classic&quot;,&quot;jet_parallax_layout_list&quot;:[]}\">\n\t\t<div class=\"elementor-element elementor-element-c9d62ab e-con-full e-flex e-con e-child\" data-id=\"c9d62ab\" data-element_type=\"container\" data-settings=\"{&quot;background_background&quot;:&quot;classic&quot;,&quot;jet_parallax_layout_list&quot;:[]}\">\n\t\t\t\t<div class=\"elementor-element elementor-element-685dbfe elementor-absolute elementor-widget elementor-widget-heading\" data-id=\"685dbfe\" data-element_type=\"widget\" data-settings=\"{&quot;_position&quot;:&quot;absolute&quot;}\" data-widget_type=\"heading.default\">\n\t\t\t\t\t<div class=\"elementor-heading-title elementor-size-default\">01<\/div>\t\t\t\t<\/div>\n\t\t\t\t<div class=\"elementor-element elementor-element-d8ab908 elementor-widget__width-initial elementor-widget-divider--view-line elementor-widget elementor-widget-divider\" data-id=\"d8ab908\" data-element_type=\"widget\" data-widget_type=\"divider.default\">\n\t\t\t\t\t\t\t<div class=\"elementor-divider\">\n\t\t\t<span class=\"elementor-divider-separator\">\n\t\t\t\t\t\t<\/span>\n\t\t<\/div>\n\t\t\t\t\t\t<\/div>\n\t\t\t\t<\/div>\n\t\t<div class=\"elementor-element elementor-element-8617a12 e-con-full e-flex e-con e-child\" data-id=\"8617a12\" data-element_type=\"container\" data-settings=\"{&quot;jet_parallax_layout_list&quot;:[]}\">\n\t\t\t\t<div class=\"elementor-element elementor-element-85bd074 elementor-widget__width-inherit elementor-widget elementor-widget-heading\" data-id=\"85bd074\" data-element_type=\"widget\" data-widget_type=\"heading.default\">\n\t\t\t\t\t<h2 class=\"elementor-heading-title elementor-size-default\">Barrierefreiheit<\/h2>\t\t\t\t<\/div>\n\t\t\t\t<div class=\"elementor-element elementor-element-4112a2e elementor-widget__width-inherit elementor-widget elementor-widget-heading\" data-id=\"4112a2e\" data-element_type=\"widget\" data-widget_type=\"heading.default\">\n\t\t\t\t\t<h3 class=\"elementor-heading-title elementor-size-default\">Technologie ist dann am besten, wenn sie alle bef\u00e4higt<\/h3>\t\t\t\t<\/div>\n\t\t\t\t<div class=\"elementor-element elementor-element-0168199 elementor-widget elementor-widget-text-editor\" data-id=\"0168199\" data-element_type=\"widget\" data-widget_type=\"text-editor.default\">\n\t\t\t\t\t\t\t\t\t<p>Viele der gr\u00f6\u00dften K\u00f6pfe der Menschheitsgeschichte \u2013 wie Stephen Hawking, Frida Kahlo und John Nash \u2013 haben immense k\u00f6rperliche und kognitive Herausforderungen gemeistert. Was hat ihnen dabei geholfen, zu gl\u00e4nzen? Zugang, Unterst\u00fctzung und die richtigen Werkzeuge.<\/p><p>Wir bei Q-nnect glauben daran, Produkte zu entwickeln, die jedem Menschen neue M\u00f6glichkeiten er\u00f6ffnen. Barrierefreiheit ist f\u00fcr uns kein nachtr\u00e4glicher Gedanke, sondern von Anfang an Teil unserer Arbeit. Wir m\u00f6chten, dass jeder Nutzer unabh\u00e4ngig von seinem Hintergrund oder seinen F\u00e4higkeiten Freude an der Arbeit mit Platform Q! hat. Gemeinsam k\u00f6nnen wir eine Welt schaffen, in der digitale Innovation wirklich inklusiv ist.<\/p>\t\t\t\t\t\t\t\t<\/div>\n\t\t\t\t<\/div>\n\t\t<div class=\"elementor-element elementor-element-178fff4 e-con-full e-flex e-con e-child\" data-id=\"178fff4\" data-element_type=\"container\" data-settings=\"{&quot;jet_parallax_layout_list&quot;:[]}\">\n\t\t\t\t<div class=\"elementor-element elementor-element-47b7a82 elementor-widget__width-inherit elementor-widget elementor-widget-heading\" data-id=\"47b7a82\" data-element_type=\"widget\" data-widget_type=\"heading.default\">\n\t\t\t\t\t<h2 class=\"elementor-heading-title elementor-size-default\">Umwelt &amp; Nachhaltigkeit<\/h2>\t\t\t\t<\/div>\n\t\t\t\t<div class=\"elementor-element elementor-element-3df44ad elementor-widget__width-inherit elementor-widget elementor-widget-heading\" data-id=\"3df44ad\" data-element_type=\"widget\" data-widget_type=\"heading.default\">\n\t\t\t\t\t<h3 class=\"elementor-heading-title elementor-size-default\">Eine nachhaltige Zukunft mit einer starken Gemeinschaft aufbauen<\/h3>\t\t\t\t<\/div>\n\t\t\t\t<div class=\"elementor-element elementor-element-8a3a82d elementor-widget elementor-widget-text-editor\" data-id=\"8a3a82d\" data-element_type=\"widget\" data-widget_type=\"text-editor.default\">\n\t\t\t\t\t\t\t\t\t<p>Wir setzen uns daf\u00fcr ein, ein Umfeld zu schaffen, in dem Unternehmen schnell und verantwortungsbewusst wachsen k\u00f6nnen. Nachhaltigkeit ist mehr als nur ein Schlagwort, sie ist fest in unserer Architektur verankert.<\/p><p>Durch die Wiederverwendung von Softwarekomponenten, die Zusammenarbeit mit gleichgesinnten Partnern und gemeinsame Innovationen glauben wir an das Wachstum von \u00d6kosystemen, die unseren Planeten respektieren. Es beginnt im Kleinen \u2013 ein Baum, ein wiederverwendbares Modul, eine gemeinsame Idee \u2013 und entwickelt sich zu etwas Bedeutendem. Das ist die Kraft der gemeinschaftsorientierten Technologie.<\/p>\t\t\t\t\t\t\t\t<\/div>\n\t\t\t\t<\/div>\n\t\t<div class=\"elementor-element elementor-element-c109d03 e-con-full e-flex e-con e-child\" data-id=\"c109d03\" data-element_type=\"container\" data-settings=\"{&quot;background_background&quot;:&quot;classic&quot;,&quot;jet_parallax_layout_list&quot;:[]}\">\n\t\t\t\t<div class=\"elementor-element elementor-element-79bb5f5 elementor-absolute elementor-widget elementor-widget-heading\" data-id=\"79bb5f5\" data-element_type=\"widget\" data-settings=\"{&quot;_position&quot;:&quot;absolute&quot;}\" data-widget_type=\"heading.default\">\n\t\t\t\t\t<div class=\"elementor-heading-title elementor-size-default\">02<\/div>\t\t\t\t<\/div>\n\t\t\t\t<div class=\"elementor-element elementor-element-59fe4fc elementor-widget__width-initial elementor-widget-divider--view-line elementor-widget elementor-widget-divider\" data-id=\"59fe4fc\" data-element_type=\"widget\" data-widget_type=\"divider.default\">\n\t\t\t\t\t\t\t<div class=\"elementor-divider\">\n\t\t\t<span class=\"elementor-divider-separator\">\n\t\t\t\t\t\t<\/span>\n\t\t<\/div>\n\t\t\t\t\t\t<\/div>\n\t\t\t\t<\/div>\n\t\t<div class=\"elementor-element elementor-element-7714481 e-con-full e-flex e-con e-child\" data-id=\"7714481\" data-element_type=\"container\" data-settings=\"{&quot;background_background&quot;:&quot;classic&quot;,&quot;jet_parallax_layout_list&quot;:[]}\">\n\t\t\t\t<div class=\"elementor-element elementor-element-91afab8 elementor-absolute elementor-widget elementor-widget-heading\" data-id=\"91afab8\" data-element_type=\"widget\" data-settings=\"{&quot;_position&quot;:&quot;absolute&quot;}\" data-widget_type=\"heading.default\">\n\t\t\t\t\t<div class=\"elementor-heading-title elementor-size-default\">03<\/div>\t\t\t\t<\/div>\n\t\t\t\t<div class=\"elementor-element elementor-element-9d332cf elementor-widget__width-initial elementor-widget-divider--view-line elementor-widget elementor-widget-divider\" data-id=\"9d332cf\" data-element_type=\"widget\" data-widget_type=\"divider.default\">\n\t\t\t\t\t\t\t<div class=\"elementor-divider\">\n\t\t\t<span class=\"elementor-divider-separator\">\n\t\t\t\t\t\t<\/span>\n\t\t<\/div>\n\t\t\t\t\t\t<\/div>\n\t\t\t\t<\/div>\n\t\t<div class=\"elementor-element elementor-element-538c4dc e-con-full e-flex e-con e-child\" data-id=\"538c4dc\" data-element_type=\"container\" data-settings=\"{&quot;jet_parallax_layout_list&quot;:[]}\">\n\t\t\t\t<div class=\"elementor-element elementor-element-badd6f8 elementor-widget__width-inherit elementor-widget elementor-widget-heading\" data-id=\"badd6f8\" data-element_type=\"widget\" data-widget_type=\"heading.default\">\n\t\t\t\t\t<h2 class=\"elementor-heading-title elementor-size-default\">Datenschutz<\/h2>\t\t\t\t<\/div>\n\t\t\t\t<div class=\"elementor-element elementor-element-5417ad7 elementor-widget__width-inherit elementor-widget elementor-widget-heading\" data-id=\"5417ad7\" data-element_type=\"widget\" data-widget_type=\"heading.default\">\n\t\t\t\t\t<h3 class=\"elementor-heading-title elementor-size-default\">Ihre Daten geh\u00f6ren Ihnen \u2013 immer<\/h3>\t\t\t\t<\/div>\n\t\t\t\t<div class=\"elementor-element elementor-element-af21b9c elementor-widget elementor-widget-text-editor\" data-id=\"af21b9c\" data-element_type=\"widget\" data-widget_type=\"text-editor.default\">\n\t\t\t\t\t\t\t\t\t<p>Daten sind Leben. Sie spiegeln wider, wie wir leben, arbeiten und Entscheidungen treffen. Bei Q-nnect unterst\u00fctzen wir Unternehmen dabei, ihre Daten zu nutzen \u2013 jedoch stets unter ihrer Kontrolle.<\/p><p>Datenschutz und Dateneigentum sind nicht verhandelbar. Wir verkaufen Ihre Daten nicht. Wir nutzen Ihre Nutzung nicht aus. Stattdessen bieten wir eine Plattform, die Nutzern und Unternehmen dabei hilft, Erkenntnisse in Wert umzuwandeln \u2013 mit Transparenz und Vertrauen.<\/p><p>Wir stehen Ihnen als vertrauensw\u00fcrdiger Partner zur Seite \u2013 verpflichtet, Ihre Daten und Ihre Grenzen zu respektieren, jetzt und in Zukunft.<\/p>\t\t\t\t\t\t\t\t<\/div>\n\t\t\t\t<\/div>\n\t\t\t\t<\/div>\n\t\t\t\t\t<\/div>\n\t\t\t\t<\/div>\n\t\t\t\t<\/div>\n\t\t","protected":false},"excerpt":{"rendered":"<p>Home Unsere Werte Die Grunds\u00e4tze, die unser Ziel und unsere Gemeinschaft pr\u00e4gen 01 Barrierefreiheit Technologie ist dann am besten, wenn [&hellip;]<\/p>\n","protected":false},"author":1,"featured_media":0,"parent":0,"menu_order":0,"comment_status":"closed","ping_status":"closed","template":"","meta":{"_acf_changed":false,"site-sidebar-layout":"no-sidebar","site-content-layout":"","ast-site-content-layout":"full-width-container","site-content-style":"default","site-sidebar-style":"default","ast-global-header-display":"","ast-banner-title-visibility":"","ast-main-header-display":"","ast-hfb-above-header-display":"","ast-hfb-below-header-display":"","ast-hfb-mobile-header-display":"","site-post-title":"disabled","ast-breadcrumbs-content":"","ast-featured-img":"disabled","footer-sml-layout":"","theme-transparent-header-meta":"default","adv-header-id-meta":"","stick-header-meta":"","header-above-stick-meta":"","header-main-stick-meta":"","header-below-stick-meta":"","astra-migrate-meta-layouts":"set","ast-page-background-enabled":"default","ast-page-background-meta":{"desktop":{"background-color":"var(--ast-global-color-5)","background-image":"","background-repeat":"repeat","background-position":"center center","background-size":"auto","background-attachment":"scroll","background-type":"","background-media":"","overlay-type":"","overlay-color":"","overlay-opacity":"","overlay-gradient":""},"tablet":{"background-color":"","background-image":"","background-repeat":"repeat","background-position":"center center","background-size":"auto","background-attachment":"scroll","background-type":"","background-media":"","overlay-type":"","overlay-color":"","overlay-opacity":"","overlay-gradient":""},"mobile":{"background-color":"","background-image":"","background-repeat":"repeat","background-position":"center center","background-size":"auto","background-attachment":"scroll","background-type":"","background-media":"","overlay-type":"","overlay-color":"","overlay-opacity":"","overlay-gradient":""}},"ast-content-background-meta":{"desktop":{"background-color":"var(--ast-global-color-4)","background-image":"","background-repeat":"repeat","background-position":"center center","background-size":"auto","background-attachment":"scroll","background-type":"","background-media":"","overlay-type":"","overlay-color":"","overlay-opacity":"","overlay-gradient":""},"tablet":{"background-color":"var(--ast-global-color-4)","background-image":"","background-repeat":"repeat","background-position":"center center","background-size":"auto","background-attachment":"scroll","background-type":"","background-media":"","overlay-type":"","overlay-color":"","overlay-opacity":"","overlay-gradient":""},"mobile":{"background-color":"var(--ast-global-color-4)","background-image":"","background-repeat":"repeat","background-position":"center center","background-size":"auto","background-attachment":"scroll","background-type":"","background-media":"","overlay-type":"","overlay-color":"","overlay-opacity":"","overlay-gradient":""}},"footnotes":""},"class_list":["post-2670","page","type-page","status-publish","hentry"],"acf":[],"_links":{"self":[{"href":"https:\/\/q-nnect.me\/de\/wp-json\/wp\/v2\/pages\/2670","targetHints":{"allow":["GET"]}}],"collection":[{"href":"https:\/\/q-nnect.me\/de\/wp-json\/wp\/v2\/pages"}],"about":[{"href":"https:\/\/q-nnect.me\/de\/wp-json\/wp\/v2\/types\/page"}],"author":[{"embeddable":true,"href":"https:\/\/q-nnect.me\/de\/wp-json\/wp\/v2\/users\/1"}],"replies":[{"embeddable":true,"href":"https:\/\/q-nnect.me\/de\/wp-json\/wp\/v2\/comments?post=2670"}],"version-history":[{"count":6,"href":"https:\/\/q-nnect.me\/de\/wp-json\/wp\/v2\/pages\/2670\/revisions"}],"predecessor-version":[{"id":2677,"href":"https:\/\/q-nnect.me\/de\/wp-json\/wp\/v2\/pages\/2670\/revisions\/2677"}],"wp:attachment":[{"href":"https:\/\/q-nnect.me\/de\/wp-json\/wp\/v2\/media?parent=2670"}],"curies":[{"name":"wp","href":"https:\/\/api.w.org\/{rel}","templated":true}]}}