{"id":2642,"date":"2025-06-11T23:05:52","date_gmt":"2025-06-11T23:05:52","guid":{"rendered":"https:\/\/q-nnect.me\/imprint\/"},"modified":"2025-09-30T19:11:12","modified_gmt":"2025-09-30T19:11:12","slug":"impressum","status":"publish","type":"page","link":"https:\/\/q-nnect.me\/de\/impressum\/","title":{"rendered":"Impressum"},"content":{"rendered":"<p><strong>Q-nnect AG<\/strong><br \/>\n\u00dcberseeallee 10<br \/>\n20457 Hamburg<br \/>\nDeutschland<\/p>\n<p>E-Mail: contact@q-nnect.com<\/p>\n<p>Vorstand: Matthias Progscha, Carsten Siegemund<br \/>\nVorstandsvorsitzender: Bernd Spindler<\/p>\n<p>Registergericht: Registergericht Hamburg<br \/>\nRegisternummer: HRB 190 986<\/p>\n<p>Umsatzsteuer-Identifikationsnummer: DE-313616010<\/p>\n<p>Verantwortlich f\u00fcr den Inhalt:<br \/>\nQ-nnect AG<br \/>\nCarsten Siegemund<br \/>\n\u00dcberseeallee 10<br \/>\n20457 Hamburg<br \/>\nDeutschland<\/p>\n<p><strong>Haftung<\/strong><\/p>\n<p>Die Inhalte unserer Seiten wurden mit gr\u00f6\u00dfter Sorgfalt zusammengestellt. F\u00fcr die Richtigkeit, Vollst\u00e4ndigkeit und Aktualit\u00e4t der Inhalte k\u00f6nnen wir jedoch keine Gew\u00e4hr \u00fcbernehmen. Als Diensteanbieter sind wir gem\u00e4\u00df \u00a7 7 Abs.1 TMG f\u00fcr eigene Inhalte auf diesen Seiten nach den allgemeinen Gesetzen verantwortlich. Nach \u00a7\u00a7 8 bis 10 TMG sind wir als Diensteanbieter jedoch nicht verpflichtet, \u00fcbermittelte oder gespeicherte fremde Informationen zu \u00fcberwachen oder nach Umst\u00e4nden zu forschen, die auf eine rechtswidrige T\u00e4tigkeit hinweisen. Verpflichtungen zur Entfernung oder Sperrung der Nutzung von Informationen nach den allgemeinen Gesetzen bleiben hiervon unber\u00fchrt. Eine diesbez\u00fcgliche Haftung ist jedoch erst ab dem Zeitpunkt der Kenntnis einer konkreten Rechtsverletzung m\u00f6glich. Bei Bekanntwerden von entsprechenden Rechtsverletzungen werden wir diese Inhalte umgehend entfernen.<\/p>\n<p><strong>Haftung f\u00fcr Links<\/strong><\/p>\n<p>Unser Angebot enth\u00e4lt Links zu externen Websites Dritter, auf deren Inhalte wir keinen Einfluss haben. Deshalb k\u00f6nnen wir f\u00fcr diese fremden Inhalte auch keine Gew\u00e4hr \u00fcbernehmen. F\u00fcr die Inhalte der verlinkten Seiten ist stets der jeweilige Anbieter oder Betreiber der Seiten verantwortlich. Die verlinkten Seiten wurden zum Zeitpunkt der Verlinkung auf m\u00f6gliche Rechtsverst\u00f6\u00dfe \u00fcberpr\u00fcft. Rechtswidrige Inhalte waren zum Zeitpunkt der Verlinkung nicht erkennbar. Eine permanente inhaltliche Kontrolle der verlinkten Seiten ist jedoch ohne konkrete Anhaltspunkte f\u00fcr eine Rechtsverletzung nicht zumutbar. Bei Bekanntwerden von Rechtsverletzungen werden wir derartige Links umgehend entfernen.<\/p>\n<p><strong>Urheberrecht<\/strong><\/p>\n<p>Die durch die Seitenbetreiber erstellten Inhalte und Werke auf diesen Seiten unterliegen dem deutschen Urheberrecht. Die Vervielf\u00e4ltigung, Bearbeitung, Verbreitung und jede Art der Verwertung au\u00dferhalb der Grenzen des Urheberrechtes bed\u00fcrfen der schriftlichen Zustimmung des jeweiligen Autors bzw. Erstellers. Downloads und Kopien dieser Seiten sind nur f\u00fcr den privaten, nicht kommerziellen Gebrauch gestattet. Soweit die Inhalte auf dieser Seite nicht vom Betreiber erstellt wurden, werden die Urheberrechte Dritter beachtet. Insbesondere werden Inhalte Dritter als solche gekennzeichnet. Sollten Sie dennoch auf eine Urheberrechtsverletzung aufmerksam werden, bitten wir um einen entsprechenden Hinweis. Bei Bekanntwerden von Rechtsverletzungen werden wir derartige Inhalte umgehend entfernen.<\/p>\n<p><strong>Datenschutz<\/strong><\/p>\n<p>Wir freuen uns \u00fcber Ihren Besuch auf unserer Website und Ihr Interesse an unserem Unternehmen. Wir garantieren Ihnen, dass Ihre Privatsph\u00e4re und Ihre pers\u00f6nlichen Daten durch die Umsetzung und Einhaltung der einschl\u00e4gigen Datenschutzbestimmungen gesch\u00fctzt werden. Die Nutzung unserer Website ist in der Regel ohne Angabe personenbezogener Daten m\u00f6glich. Soweit auf unseren Seiten personenbezogene Daten (beispielsweise Name, Anschrift oder E-Mail-Adressen) erhoben werden, erfolgt dies, soweit m\u00f6glich, stets auf freiwilliger Basis. Diese Daten werden ohne Ihre ausdr\u00fcckliche Zustimmung nicht an Dritte weitergegeben.<br \/>\nWir weisen darauf hin, dass die Daten\u00fcbertragung im Internet (z. B. bei der Kommunikation per E-Mail) Sicherheitsl\u00fccken aufweisen kann. Ein l\u00fcckenloser Schutz der Daten vor dem Zugriff durch Dritte ist nicht m\u00f6glich.<br \/>\nDer Nutzung von im Rahmen der Impressumspflicht ver\u00f6ffentlichten Kontaktdaten durch Dritte zur \u00dcbersendung von nicht ausdr\u00fccklich angeforderter Werbung und Informationsmaterialien wird hiermit ausdr\u00fccklich widersprochen. Die Betreiber dieser Seiten behalten sich ausdr\u00fccklich rechtliche Schritte im Falle der unverlangten Zusendung von Werbeinformationen, etwa durch Spam-Mails, vor.<\/p>\n<p><strong>Newsletter<\/strong><\/p>\n<p>Wenn Sie regelm\u00e4\u00dfig \u00fcber neue Produkte, Dienstleistungen und Serviceangebote der Q-nnect AG informiert werden m\u00f6chten (und Ihre Einwilligung erteilt haben), speichern wir Ihren Namen und Ihre E-Mail-Adresse, um Ihnen diese Informationen zuzusenden. Diese Daten werden ausschlie\u00dflich zum Zweck der wiederholten Zusendung der gew\u00fcnschten Informationen gespeichert und verwendet. Diese Daten werden nicht an Dritte weitergegeben. Sie k\u00f6nnen den Erhalt dieser Informationen jederzeit abbestellen. Die Rechtsgrundlage f\u00fcr diese Datenverarbeitung ist Art. 6 Abs. 1 S. 1 lit. a DSGVO.<\/p>\n<p><strong>Veranstaltungen und Schulungen<\/strong><\/p>\n<p>Wenn Sie sich \u00fcber unsere Website f\u00fcr Veranstaltungen oder Schulungen anmelden, ist die Eingabe bestimmter personenbezogener Daten erforderlich, um Ihre Anmeldung bearbeiten zu k\u00f6nnen (Pflichtangaben). Die Eingabe weiterer Daten kann f\u00fcr die Bearbeitung Ihrer Anmeldung hilfreich sein, ist jedoch nicht zwingend erforderlich (freiwillige Angaben). Wir verarbeiten Ihre hier erhobenen personenbezogenen Daten ausschlie\u00dflich zum Zweck der Bearbeitung Ihrer Anmeldung. Rechtsgrundlage f\u00fcr diese Datenverarbeitung ist Art. 6 Abs. 1 S. 1 lit. a DSGVO.<\/p>\n<p><strong>Kontaktformular<\/strong><\/p>\n<p>Sie k\u00f6nnen auf unserer Website Ihre personenbezogenen Daten eingeben, um mit uns in Kontakt zu treten. Die f\u00fcr die Bearbeitung Ihrer Anfrage unbedingt erforderlichen personenbezogenen Daten (Pflichtangaben) sind gekennzeichnet. Die Angabe weiterer Daten kann f\u00fcr die Bearbeitung Ihrer Anfrage hilfreich sein, ist jedoch nicht zwingend erforderlich (freiwillige Angaben). Mit Ihrer Einwilligung werden diese Daten ausschlie\u00dflich zum Zweck der Bearbeitung Ihrer Nachricht verwendet und gespeichert (Art. 6 Abs. 1 S. 1 lit. a DSGVO).<\/p>\n<p><strong>Matomo (ehemals Piwik)<\/strong><\/p>\n<p>Diese Website nutzt den Open-Source-Webanalysedienst Matomo. Matomo verwendet sogenannte Cookies. Cookies sind kleine Textdateien, die auf Ihrem Computer gespeichert werden und eine Analyse Ihrer Nutzung der Website erm\u00f6glichen. Zu diesem Zweck werden die durch den Cookie erzeugten Informationen \u00fcber die Nutzung dieser Website auf unserem Server gespeichert. Ihre IP-Adresse wird vor der Speicherung anonymisiert.<\/p>\n<p>Matomo-Cookies bleiben auf Ihrem Ger\u00e4t gespeichert, bis Sie sie l\u00f6schen.<\/p>\n<p>Die Speicherung von Matomo-Cookies erfolgt gem\u00e4\u00df Art. 6 Abs. 1 lit. f DSGVO. Der Betreiber dieser Website hat ein berechtigtes Interesse an der anonymisierten Analyse des Surfverhaltens, um sein Angebot und seine Werbung zu optimieren.<\/p>\n<p>Die durch den Cookie erzeugten Informationen \u00fcber die Nutzung dieser Website werden nicht an Dritte weitergegeben. Sie k\u00f6nnen Cookies in den Einstellungen Ihres Browsers blockieren. Bitte beachten Sie jedoch, dass Sie in diesem Fall m\u00f6glicherweise nicht alle Funktionen dieser Website nutzen k\u00f6nnen.<\/p>\n<p>Wenn Sie der Speicherung und Nutzung Ihrer Daten widersprechen m\u00f6chten, k\u00f6nnen Sie diese hier deaktivieren. In diesem Fall wird ein Opt-Out-Cookie in Ihrem Browser gespeichert, das die Speicherung von Nutzungsdaten durch Matomo verhindert. Bitte beachten Sie, dass beim L\u00f6schen der Cookies auch das Matomo-Opt-Out-Cookie gel\u00f6scht wird. Das Opt-Out muss bei Ihrem n\u00e4chsten Besuch unserer Website erneut aktiviert werden.<\/p>\n<p>Sie k\u00f6nnen hier entscheiden, ob Ihr Browser ein identifizierbares Webanalyse-Cookie speichern darf, um die Erfassung und Analyse verschiedener statistischer Daten durch den Betreiber dieser Website zu erm\u00f6glichen.<\/p>\n<p>Wenn Sie sich abmelden m\u00f6chten, klicken Sie auf den folgenden Link, um das Matomo-Opt-out-Cookie in Ihrem Browser zu speichern.<\/p>\n<p><strong>Cookies<\/strong><\/p>\n<p>Die Internetseiten der Q-nnect AG verwenden Cookies. Cookies sind kleine Textdateien, die Ihr Browser auf Ihrem Computer speichert, um diese Website benutzerfreundlicher und sicherer zu machen. Cookies auf dieser Website werden nicht zu Werbezwecken verwendet und die Informationen werden nicht an Dritte weitergegeben.<\/p>\n<p>Transiente Cookies werden automatisch gel\u00f6scht, wenn Sie Ihre Browsersitzung beenden. Zu den transienten Cookies geh\u00f6ren beispielsweise Session-Cookies, die dazu dienen, Ihren Browser innerhalb einer laufenden Sitzung wiederzuerkennen, wenn Sie w\u00e4hrend des Surfens auf diese Website zur\u00fcckkehren.<\/p>\n<p>Andere Cookies bleiben auf Ihrem Computer gespeichert, bis sie nach einer bestimmten Zeit automatisch gel\u00f6scht werden oder bis Sie sie l\u00f6schen.<\/p>\n<p>Sie k\u00f6nnen Ihren Internetbrowser so einstellen, dass Sie \u00fcber das Setzen von Cookies informiert werden, sobald ein Webserver ein Cookie an Sie senden m\u00f6chte. Durch die Deaktivierung von Cookies kann die Funktionalit\u00e4t dieser Website eingeschr\u00e4nkt sein.<\/p>\n<p>Rechtsgrundlage f\u00fcr diese Datenverarbeitung ist Art. 6 Abs. 1 S. 1 lit. a DSGVO.<\/p>\n<p>Der Datenschutzbeauftragte ist unter contact@q-nnect.com erreichbar. Senden Sie die E-Mail mit dem Zusatz \u201ean den Datenschutzbeauftragten\u201d.<\/p>\n","protected":false},"excerpt":{"rendered":"<p>Q-nnect AG \u00dcberseeallee 10 20457 Hamburg Deutschland E-Mail: contact@q-nnect.com Vorstand: Matthias Progscha, Carsten Siegemund Vorstandsvorsitzender: Bernd Spindler Registergericht: Registergericht Hamburg [&hellip;]<\/p>\n","protected":false},"author":1,"featured_media":0,"parent":0,"menu_order":0,"comment_status":"closed","ping_status":"closed","template":"","meta":{"_acf_changed":false,"site-sidebar-layout":"default","site-content-layout":"","ast-site-content-layout":"default","site-content-style":"default","site-sidebar-style":"default","ast-global-header-display":"","ast-banner-title-visibility":"","ast-main-header-display":"","ast-hfb-above-header-display":"","ast-hfb-below-header-display":"","ast-hfb-mobile-header-display":"","site-post-title":"","ast-breadcrumbs-content":"","ast-featured-img":"","footer-sml-layout":"","theme-transparent-header-meta":"default","adv-header-id-meta":"","stick-header-meta":"","header-above-stick-meta":"","header-main-stick-meta":"","header-below-stick-meta":"","astra-migrate-meta-layouts":"set","ast-page-background-enabled":"default","ast-page-background-meta":{"desktop":{"background-color":"var(--ast-global-color-5)","background-image":"","background-repeat":"repeat","background-position":"center center","background-size":"auto","background-attachment":"scroll","background-type":"","background-media":"","overlay-type":"","overlay-color":"","overlay-opacity":"","overlay-gradient":""},"tablet":{"background-color":"","background-image":"","background-repeat":"repeat","background-position":"center center","background-size":"auto","background-attachment":"scroll","background-type":"","background-media":"","overlay-type":"","overlay-color":"","overlay-opacity":"","overlay-gradient":""},"mobile":{"background-color":"","background-image":"","background-repeat":"repeat","background-position":"center center","background-size":"auto","background-attachment":"scroll","background-type":"","background-media":"","overlay-type":"","overlay-color":"","overlay-opacity":"","overlay-gradient":""}},"ast-content-background-meta":{"desktop":{"background-color":"var(--ast-global-color-4)","background-image":"","background-repeat":"repeat","background-position":"center center","background-size":"auto","background-attachment":"scroll","background-type":"","background-media":"","overlay-type":"","overlay-color":"","overlay-opacity":"","overlay-gradient":""},"tablet":{"background-color":"var(--ast-global-color-4)","background-image":"","background-repeat":"repeat","background-position":"center center","background-size":"auto","background-attachment":"scroll","background-type":"","background-media":"","overlay-type":"","overlay-color":"","overlay-opacity":"","overlay-gradient":""},"mobile":{"background-color":"var(--ast-global-color-4)","background-image":"","background-repeat":"repeat","background-position":"center center","background-size":"auto","background-attachment":"scroll","background-type":"","background-media":"","overlay-type":"","overlay-color":"","overlay-opacity":"","overlay-gradient":""}},"footnotes":""},"class_list":["post-2642","page","type-page","status-publish","hentry"],"acf":[],"_links":{"self":[{"href":"https:\/\/q-nnect.me\/de\/wp-json\/wp\/v2\/pages\/2642","targetHints":{"allow":["GET"]}}],"collection":[{"href":"https:\/\/q-nnect.me\/de\/wp-json\/wp\/v2\/pages"}],"about":[{"href":"https:\/\/q-nnect.me\/de\/wp-json\/wp\/v2\/types\/page"}],"author":[{"embeddable":true,"href":"https:\/\/q-nnect.me\/de\/wp-json\/wp\/v2\/users\/1"}],"replies":[{"embeddable":true,"href":"https:\/\/q-nnect.me\/de\/wp-json\/wp\/v2\/comments?post=2642"}],"version-history":[{"count":3,"href":"https:\/\/q-nnect.me\/de\/wp-json\/wp\/v2\/pages\/2642\/revisions"}],"predecessor-version":[{"id":2645,"href":"https:\/\/q-nnect.me\/de\/wp-json\/wp\/v2\/pages\/2642\/revisions\/2645"}],"wp:attachment":[{"href":"https:\/\/q-nnect.me\/de\/wp-json\/wp\/v2\/media?parent=2642"}],"curies":[{"name":"wp","href":"https:\/\/api.w.org\/{rel}","templated":true}]}}