{"id":2608,"date":"2025-06-16T19:58:01","date_gmt":"2025-06-16T19:58:01","guid":{"rendered":"https:\/\/q-nnect.me\/about-q-nnect-composable-by-design\/"},"modified":"2025-09-29T21:12:17","modified_gmt":"2025-09-29T21:12:17","slug":"ueber-q-nnect-composable-by-design","status":"publish","type":"page","link":"https:\/\/q-nnect.me\/de\/ueber-q-nnect-composable-by-design\/","title":{"rendered":"\u00dcber Q-nnect \u2013 Composable by Design"},"content":{"rendered":"\t\t<div data-elementor-type=\"wp-page\" data-elementor-id=\"2608\" class=\"elementor elementor-2608 elementor-2160\" data-elementor-post-type=\"page\">\n\t\t\t\t<div class=\"elementor-element elementor-element-7c999b14 e-flex e-con-boxed e-con e-parent\" data-id=\"7c999b14\" data-element_type=\"container\" data-settings=\"{&quot;jet_parallax_layout_list&quot;:[]}\">\n\t\t\t\t\t<div class=\"e-con-inner\">\n\t\t<div class=\"elementor-element elementor-element-6c3b1f01 e-con-full e-flex e-con e-child\" data-id=\"6c3b1f01\" data-element_type=\"container\" data-settings=\"{&quot;jet_parallax_layout_list&quot;:[]}\">\n\t\t\t\t<div class=\"elementor-element elementor-element-76ea790f elementor-icon-list--layout-inline elementor-list-item-link-full_width elementor-widget elementor-widget-icon-list\" data-id=\"76ea790f\" data-element_type=\"widget\" data-widget_type=\"icon-list.default\">\n\t\t\t\t\t\t\t<ul class=\"elementor-icon-list-items elementor-inline-items\">\n\t\t\t\t\t\t\t<li class=\"elementor-icon-list-item elementor-inline-item\">\n\t\t\t\t\t\t\t\t\t\t\t<a href=\"https:\/\/q-nnect.me\/\">\n\n\t\t\t\t\t\t\t\t\t\t\t\t<span class=\"elementor-icon-list-icon\">\n\t\t\t\t\t\t\t<svg xmlns=\"http:\/\/www.w3.org\/2000\/svg\" width=\"20\" height=\"20\" viewBox=\"0 0 20 20\" fill=\"none\"><g id=\"20\/home2\" clip-path=\"url(#clip0_162340_1021)\"><path id=\"icon\" d=\"M10.0013 14.9921V12.4921M7.51797 2.36713L3.0263 5.86713C2.2763 6.45046 1.66797 7.69213 1.66797 8.63379V14.8088C1.66797 16.7421 3.24297 18.3255 5.1763 18.3255H14.8263C16.7596 18.3255 18.3346 16.7421 18.3346 14.8171V8.75046C18.3346 7.74213 17.6596 6.45046 16.8346 5.87546L11.6846 2.26713C10.518 1.45046 8.64297 1.49213 7.51797 2.36713Z\" stroke=\"#4D6D8C\" stroke-width=\"1.5\" stroke-linecap=\"round\" stroke-linejoin=\"round\"><\/path><\/g><defs><clipPath id=\"clip0_162340_1021\"><rect width=\"20\" height=\"20\" fill=\"white\"><\/rect><\/clipPath><\/defs><\/svg>\t\t\t\t\t\t<\/span>\n\t\t\t\t\t\t\t\t\t\t<span class=\"elementor-icon-list-text\">Home<\/span>\n\t\t\t\t\t\t\t\t\t\t\t<\/a>\n\t\t\t\t\t\t\t\t\t<\/li>\n\t\t\t\t\t\t<\/ul>\n\t\t\t\t\t\t<\/div>\n\t\t\t\t<div class=\"elementor-element elementor-element-435dd2af elementor-icon-list--layout-inline elementor-list-item-link-full_width elementor-widget elementor-widget-icon-list\" data-id=\"435dd2af\" data-element_type=\"widget\" data-widget_type=\"icon-list.default\">\n\t\t\t\t\t\t\t<ul class=\"elementor-icon-list-items elementor-inline-items\">\n\t\t\t\t\t\t\t<li class=\"elementor-icon-list-item elementor-inline-item\">\n\t\t\t\t\t\t\t\t\t\t\t<span class=\"elementor-icon-list-icon\">\n\t\t\t\t\t\t\t<svg xmlns=\"http:\/\/www.w3.org\/2000\/svg\" width=\"6\" height=\"8\" viewBox=\"0 0 6 8\" fill=\"none\"><path id=\"Icon\" d=\"M1.25 0.75L4.75 4.25L1.25 7.25\" stroke=\"#75C74C\" stroke-width=\"1.5\" stroke-linecap=\"round\" stroke-linejoin=\"round\"><\/path><\/svg>\t\t\t\t\t\t<\/span>\n\t\t\t\t\t\t\t\t\t\t<span class=\"elementor-icon-list-text\">\u00dcber Q-nnect \u2013 Composable by Design<\/span>\n\t\t\t\t\t\t\t\t\t<\/li>\n\t\t\t\t\t\t<\/ul>\n\t\t\t\t\t\t<\/div>\n\t\t\t\t<\/div>\n\t\t\t\t<div class=\"elementor-element elementor-element-193b8aa5 elementor-widget__width-inherit elementor-widget elementor-widget-heading\" data-id=\"193b8aa5\" data-element_type=\"widget\" data-widget_type=\"heading.default\">\n\t\t\t\t\t<h1 class=\"elementor-heading-title elementor-size-default\">\u00dcber Q-nnect<\/h1>\t\t\t\t<\/div>\n\t\t\t\t<div class=\"elementor-element elementor-element-310473fe elementor-widget__width-initial elementor-widget-tablet__width-inherit elementor-widget elementor-widget-heading\" data-id=\"310473fe\" data-element_type=\"widget\" data-widget_type=\"heading.default\">\n\t\t\t\t\t<p class=\"elementor-heading-title elementor-size-default\">Composable by Design<\/p>\t\t\t\t<\/div>\n\t\t<div class=\"elementor-element elementor-element-2f6cc637 e-con-full e-flex e-con e-child\" data-id=\"2f6cc637\" data-element_type=\"container\" data-settings=\"{&quot;background_background&quot;:&quot;classic&quot;,&quot;jet_parallax_layout_list&quot;:[]}\">\n\t\t\t\t<div class=\"elementor-element elementor-element-20a37f0 elementor-widget elementor-widget-text-editor\" data-id=\"20a37f0\" data-element_type=\"widget\" data-widget_type=\"text-editor.default\">\n\t\t\t\t\t\t\t\t\t<p>Q-nnect erm\u00f6glicht es Unternehmen, traditionelle IT-Engp\u00e4sse zu \u00fcberwinden, indem es modulare, wiederverwendbare und skalierbare digitale L\u00f6sungen bereitstellt. Im Mittelpunkt dieser Mission steht <strong>Platform Q!<\/strong> \u2013 eine No-Code-\/Low-Code-Semantikdatenplattform, die f\u00fcr Business Creator konzipiert wurde.<\/p>\t\t\t\t\t\t\t\t<\/div>\n\t\t<div class=\"elementor-element elementor-element-d29418d e-con-full e-flex e-con e-child\" data-id=\"d29418d\" data-element_type=\"container\" data-settings=\"{&quot;jet_parallax_layout_list&quot;:[]}\">\n\t\t\t\t<div class=\"elementor-element elementor-element-132598c elementor-widget elementor-widget-image\" data-id=\"132598c\" data-element_type=\"widget\" data-widget_type=\"image.default\">\n\t\t\t\t\t\t\t\t\t\t\t\t\t\t\t<img fetchpriority=\"high\" decoding=\"async\" width=\"1024\" height=\"339\" src=\"https:\/\/q-nnect.me\/wp-content\/uploads\/2025\/06\/timeline.svg\" class=\"attachment-large size-large wp-image-2166\" alt=\"\" \/>\t\t\t\t\t\t\t\t\t\t\t\t\t\t\t<\/div>\n\t\t\t\t<\/div>\n\t\t\t\t<div class=\"elementor-element elementor-element-d140d5d elementor-widget elementor-widget-text-editor\" data-id=\"d140d5d\" data-element_type=\"widget\" data-widget_type=\"text-editor.default\">\n\t\t\t\t\t\t\t\t\t<p>Unsere Reise begann 2017 mit einer \u00dcberzeugung: Software sollte einfach, leistungsstark und anpassungsf\u00e4hig sein. Von den ersten Integrationsprototypen bis zum heutigen komponierbaren \u00d6kosystem wurde unsere Entwicklung von einem Ziel gepr\u00e4gt: Technologien zu liefern, die sich so schnell anpassen, wie sich die Gesch\u00e4ftsanforderungen \u00e4ndern.<\/p>\t\t\t\t\t\t\t\t<\/div>\n\t\t\t\t<div class=\"elementor-element elementor-element-1037ce2 elementor-widget elementor-widget-heading\" data-id=\"1037ce2\" data-element_type=\"widget\" data-widget_type=\"heading.default\">\n\t\t\t\t\t<h2 class=\"elementor-heading-title elementor-size-default\">Eine Plattform mit Sinn und Zweck<\/h2>\t\t\t\t<\/div>\n\t\t\t\t<div class=\"elementor-element elementor-element-d1878eb elementor-widget elementor-widget-text-editor\" data-id=\"d1878eb\" data-element_type=\"widget\" data-widget_type=\"text-editor.default\">\n\t\t\t\t\t\t\t\t\t<p>Platform Q! wurde entwickelt, um die Art und Weise zu ver\u00e4ndern, wie Unternehmen auf Daten zugreifen und diese nutzen. Es bietet:<\/p>\t\t\t\t\t\t\t\t<\/div>\n\t\t\t\t<div class=\"elementor-element elementor-element-4f0ec04 elementor-icon-list--layout-traditional elementor-list-item-link-full_width elementor-widget elementor-widget-icon-list\" data-id=\"4f0ec04\" data-element_type=\"widget\" data-widget_type=\"icon-list.default\">\n\t\t\t\t\t\t\t<ul class=\"elementor-icon-list-items\">\n\t\t\t\t\t\t\t<li class=\"elementor-icon-list-item\">\n\t\t\t\t\t\t\t\t\t\t\t<span class=\"elementor-icon-list-icon\">\n\t\t\t\t\t\t\t<svg xmlns=\"http:\/\/www.w3.org\/2000\/svg\" width=\"24\" height=\"25\" viewBox=\"0 0 24 25\" fill=\"none\"><g id=\"Frame 392\"><circle id=\"Ellipse 7\" cx=\"12\" cy=\"12.5\" r=\"12\" fill=\"#F8FFF5\"><\/circle><path id=\"Vector 3\" d=\"M8 13.3889L10.7692 16.5L16 9.5\" stroke=\"#75C74C\" stroke-width=\"2\" stroke-linecap=\"round\" stroke-linejoin=\"round\"><\/path><\/g><\/svg>\t\t\t\t\t\t<\/span>\n\t\t\t\t\t\t\t\t\t\t<span class=\"elementor-icon-list-text\"><b>Semantic Data Fabric<\/b> f\u00fcr Klarheit und Wiederverwendbarkeit<\/span>\n\t\t\t\t\t\t\t\t\t<\/li>\n\t\t\t\t\t\t\t\t<li class=\"elementor-icon-list-item\">\n\t\t\t\t\t\t\t\t\t\t\t<span class=\"elementor-icon-list-icon\">\n\t\t\t\t\t\t\t<svg xmlns=\"http:\/\/www.w3.org\/2000\/svg\" width=\"24\" height=\"25\" viewBox=\"0 0 24 25\" fill=\"none\"><g id=\"Frame 392\"><circle id=\"Ellipse 7\" cx=\"12\" cy=\"12.5\" r=\"12\" fill=\"#F8FFF5\"><\/circle><path id=\"Vector 3\" d=\"M8 13.3889L10.7692 16.5L16 9.5\" stroke=\"#75C74C\" stroke-width=\"2\" stroke-linecap=\"round\" stroke-linejoin=\"round\"><\/path><\/g><\/svg>\t\t\t\t\t\t<\/span>\n\t\t\t\t\t\t\t\t\t\t<span class=\"elementor-icon-list-text\"><b>Creator Enablement<\/b> f\u00fcr Fachexperten<\/span>\n\t\t\t\t\t\t\t\t\t<\/li>\n\t\t\t\t\t\t\t\t<li class=\"elementor-icon-list-item\">\n\t\t\t\t\t\t\t\t\t\t\t<span class=\"elementor-icon-list-icon\">\n\t\t\t\t\t\t\t<svg xmlns=\"http:\/\/www.w3.org\/2000\/svg\" width=\"24\" height=\"25\" viewBox=\"0 0 24 25\" fill=\"none\"><g id=\"Frame 392\"><circle id=\"Ellipse 7\" cx=\"12\" cy=\"12.5\" r=\"12\" fill=\"#F8FFF5\"><\/circle><path id=\"Vector 3\" d=\"M8 13.3889L10.7692 16.5L16 9.5\" stroke=\"#75C74C\" stroke-width=\"2\" stroke-linecap=\"round\" stroke-linejoin=\"round\"><\/path><\/g><\/svg>\t\t\t\t\t\t<\/span>\n\t\t\t\t\t\t\t\t\t\t<span class=\"elementor-icon-list-text\"><b>Echtzeit-Virtualisierung<\/b> zur Reduzierung von Datensilos<\/span>\n\t\t\t\t\t\t\t\t\t<\/li>\n\t\t\t\t\t\t\t\t<li class=\"elementor-icon-list-item\">\n\t\t\t\t\t\t\t\t\t\t\t<span class=\"elementor-icon-list-icon\">\n\t\t\t\t\t\t\t<svg xmlns=\"http:\/\/www.w3.org\/2000\/svg\" width=\"24\" height=\"25\" viewBox=\"0 0 24 25\" fill=\"none\"><g id=\"Frame 392\"><circle id=\"Ellipse 7\" cx=\"12\" cy=\"12.5\" r=\"12\" fill=\"#F8FFF5\"><\/circle><path id=\"Vector 3\" d=\"M8 13.3889L10.7692 16.5L16 9.5\" stroke=\"#75C74C\" stroke-width=\"2\" stroke-linecap=\"round\" stroke-linejoin=\"round\"><\/path><\/g><\/svg>\t\t\t\t\t\t<\/span>\n\t\t\t\t\t\t\t\t\t\t<span class=\"elementor-icon-list-text\"><b>Composable Architektur<\/b> f\u00fcr unternehmerische Agilit\u00e4t<\/span>\n\t\t\t\t\t\t\t\t\t<\/li>\n\t\t\t\t\t\t<\/ul>\n\t\t\t\t\t\t<\/div>\n\t\t\t\t<div class=\"elementor-element elementor-element-bbcedb6 elementor-widget elementor-widget-text-editor\" data-id=\"bbcedb6\" data-element_type=\"widget\" data-widget_type=\"text-editor.default\">\n\t\t\t\t\t\t\t\t\t<p>Im Jahr 2023 f\u00fchrte Q-nnect ein neues, von SAP zertifiziertes Konnektor-Framework ein und trat 2025 dem SAP Store bei. Seitdem haben wir unsere Aktivit\u00e4ten auf Indien und Nordamerika ausgeweitet, wo strategische Partner und Accelerator-Programme wie Peachscore Dealum unsere Pr\u00e4senz weiter ausbauen.<\/p>\t\t\t\t\t\t\t\t<\/div>\n\t\t<div class=\"elementor-element elementor-element-278fbbf e-flex e-con-boxed e-con e-child\" data-id=\"278fbbf\" data-element_type=\"container\" data-settings=\"{&quot;jet_parallax_layout_list&quot;:[]}\">\n\t\t\t\t\t<div class=\"e-con-inner\">\n\t\t\t\t<div class=\"elementor-element elementor-element-1c23d88 elementor-widget elementor-widget-video\" data-id=\"1c23d88\" data-element_type=\"widget\" data-settings=\"{&quot;video_type&quot;:&quot;hosted&quot;,&quot;controls&quot;:&quot;yes&quot;}\" data-widget_type=\"video.default\">\n\t\t\t\t\t\t\t<div class=\"e-hosted-video elementor-wrapper elementor-open-inline\">\n\t\t\t\t\t<video class=\"elementor-video\" src=\"https:\/\/q-nnect.me\/wp-content\/uploads\/2025\/06\/platform-q-demo-video-final-720-2025-05-15.mp4\" controls=\"\" preload=\"auto\" controlsList=\"nodownload\" poster=\"https:\/\/q-nnect.me\/wp-content\/uploads\/2025\/06\/Platform-Q-Semantic-Data-Fabric.png\"><\/video>\n\t\t\t\t<\/div>\n\t\t\t\t\t\t<\/div>\n\t\t\t\t\t<\/div>\n\t\t\t\t<\/div>\n\t\t\t\t<div class=\"elementor-element elementor-element-ebc3be8 elementor-widget elementor-widget-heading\" data-id=\"ebc3be8\" data-element_type=\"widget\" data-widget_type=\"heading.default\">\n\t\t\t\t\t<h2 class=\"elementor-heading-title elementor-size-default\">Die Composable Vision<\/h2>\t\t\t\t<\/div>\n\t\t\t\t<div class=\"elementor-element elementor-element-f3da357 elementor-widget elementor-widget-text-editor\" data-id=\"f3da357\" data-element_type=\"widget\" data-widget_type=\"text-editor.default\">\n\t\t\t\t\t\t\t\t\tGartner definiert das <strong>Composable Enterprise<\/strong> als ein Unternehmen, das F\u00e4higkeiten in den Bereichen <strong>Mindset<\/strong>, <strong>Gesch\u00e4ftsarchitektur<\/strong> und <strong>Technologie<\/strong> modularisiert. Das bedeutet:\t\t\t\t\t\t\t\t<\/div>\n\t\t\t\t<div class=\"elementor-element elementor-element-a68c036 elementor-icon-list--layout-traditional elementor-list-item-link-full_width elementor-widget elementor-widget-icon-list\" data-id=\"a68c036\" data-element_type=\"widget\" data-widget_type=\"icon-list.default\">\n\t\t\t\t\t\t\t<ul class=\"elementor-icon-list-items\">\n\t\t\t\t\t\t\t<li class=\"elementor-icon-list-item\">\n\t\t\t\t\t\t\t\t\t\t\t<span class=\"elementor-icon-list-icon\">\n\t\t\t\t\t\t\t<svg xmlns=\"http:\/\/www.w3.org\/2000\/svg\" width=\"24\" height=\"25\" viewBox=\"0 0 24 25\" fill=\"none\"><g id=\"Frame 392\"><circle id=\"Ellipse 7\" cx=\"12\" cy=\"12.5\" r=\"12\" fill=\"#F8FFF5\"><\/circle><path id=\"Vector 3\" d=\"M8 13.3889L10.7692 16.5L16 9.5\" stroke=\"#75C74C\" stroke-width=\"2\" stroke-linecap=\"round\" stroke-linejoin=\"round\"><\/path><\/g><\/svg>\t\t\t\t\t\t<\/span>\n\t\t\t\t\t\t\t\t\t\t<span class=\"elementor-icon-list-text\"><b>Composable Thinking<\/b>: F\u00f6rderung von Innovation durch modulare, anpassungsf\u00e4hige Denkweisen<\/span>\n\t\t\t\t\t\t\t\t\t<\/li>\n\t\t\t\t\t\t\t\t<li class=\"elementor-icon-list-item\">\n\t\t\t\t\t\t\t\t\t\t\t<span class=\"elementor-icon-list-icon\">\n\t\t\t\t\t\t\t<svg xmlns=\"http:\/\/www.w3.org\/2000\/svg\" width=\"24\" height=\"25\" viewBox=\"0 0 24 25\" fill=\"none\"><g id=\"Frame 392\"><circle id=\"Ellipse 7\" cx=\"12\" cy=\"12.5\" r=\"12\" fill=\"#F8FFF5\"><\/circle><path id=\"Vector 3\" d=\"M8 13.3889L10.7692 16.5L16 9.5\" stroke=\"#75C74C\" stroke-width=\"2\" stroke-linecap=\"round\" stroke-linejoin=\"round\"><\/path><\/g><\/svg>\t\t\t\t\t\t<\/span>\n\t\t\t\t\t\t\t\t\t\t<span class=\"elementor-icon-list-text\"><b>Composable Business Architecture<\/b>: Strukturieren der Organisation f\u00fcr Flexibilit\u00e4t, Wiederverwendbarkeit und schnelle Ver\u00e4nderungen<\/span>\n\t\t\t\t\t\t\t\t\t<\/li>\n\t\t\t\t\t\t\t\t<li class=\"elementor-icon-list-item\">\n\t\t\t\t\t\t\t\t\t\t\t<span class=\"elementor-icon-list-icon\">\n\t\t\t\t\t\t\t<svg xmlns=\"http:\/\/www.w3.org\/2000\/svg\" width=\"24\" height=\"25\" viewBox=\"0 0 24 25\" fill=\"none\"><g id=\"Frame 392\"><circle id=\"Ellipse 7\" cx=\"12\" cy=\"12.5\" r=\"12\" fill=\"#F8FFF5\"><\/circle><path id=\"Vector 3\" d=\"M8 13.3889L10.7692 16.5L16 9.5\" stroke=\"#75C74C\" stroke-width=\"2\" stroke-linecap=\"round\" stroke-linejoin=\"round\"><\/path><\/g><\/svg>\t\t\t\t\t\t<\/span>\n\t\t\t\t\t\t\t\t\t\t<span class=\"elementor-icon-list-text\"><b>Composable Technology<\/b>: Agilit\u00e4t durch APIs, Microservices und modulare Plug-and-Play-Systeme erm\u00f6glichen<\/span>\n\t\t\t\t\t\t\t\t\t<\/li>\n\t\t\t\t\t\t<\/ul>\n\t\t\t\t\t\t<\/div>\n\t\t\t\t<div class=\"elementor-element elementor-element-f7834a3 elementor-widget elementor-widget-text-editor\" data-id=\"f7834a3\" data-element_type=\"widget\" data-widget_type=\"text-editor.default\">\n\t\t\t\t\t\t\t\t\tQ-nnect basiert auf diesem Modell. Unser Ziel f\u00fcr 2027 ist es, der f\u00fchrende <strong>Composable Technology Marketplace<\/strong> zu werden, der es Unternehmen erm\u00f6glicht, Gesch\u00e4ftsf\u00e4higkeiten wie nie zuvor zu schaffen, wiederzuverwenden und zu monetarisieren.\t\t\t\t\t\t\t\t<\/div>\n\t\t\t\t<div class=\"elementor-element elementor-element-45cb886 elementor-widget elementor-widget-heading\" data-id=\"45cb886\" data-element_type=\"widget\" data-widget_type=\"heading.default\">\n\t\t\t\t\t<h2 class=\"elementor-heading-title elementor-size-default\">Was macht Q-nnect so besonders?<\/h2>\t\t\t\t<\/div>\n\t\t\t\t<div class=\"elementor-element elementor-element-aa8f2a5 elementor-icon-list--layout-traditional elementor-list-item-link-full_width elementor-widget elementor-widget-icon-list\" data-id=\"aa8f2a5\" data-element_type=\"widget\" data-widget_type=\"icon-list.default\">\n\t\t\t\t\t\t\t<ul class=\"elementor-icon-list-items\">\n\t\t\t\t\t\t\t<li class=\"elementor-icon-list-item\">\n\t\t\t\t\t\t\t\t\t\t\t<span class=\"elementor-icon-list-icon\">\n\t\t\t\t\t\t\t<svg xmlns=\"http:\/\/www.w3.org\/2000\/svg\" width=\"24\" height=\"25\" viewBox=\"0 0 24 25\" fill=\"none\"><g id=\"Frame 392\"><circle id=\"Ellipse 7\" cx=\"12\" cy=\"12.5\" r=\"12\" fill=\"#F8FFF5\"><\/circle><path id=\"Vector 3\" d=\"M8 13.3889L10.7692 16.5L16 9.5\" stroke=\"#75C74C\" stroke-width=\"2\" stroke-linecap=\"round\" stroke-linejoin=\"round\"><\/path><\/g><\/svg>\t\t\t\t\t\t<\/span>\n\t\t\t\t\t\t\t\t\t\t<span class=\"elementor-icon-list-text\">Von der Datenkonnektivit\u00e4t zur Gesch\u00e4ftslogik in wenigen Minuten<\/span>\n\t\t\t\t\t\t\t\t\t<\/li>\n\t\t\t\t\t\t\t\t<li class=\"elementor-icon-list-item\">\n\t\t\t\t\t\t\t\t\t\t\t<span class=\"elementor-icon-list-icon\">\n\t\t\t\t\t\t\t<svg xmlns=\"http:\/\/www.w3.org\/2000\/svg\" width=\"24\" height=\"25\" viewBox=\"0 0 24 25\" fill=\"none\"><g id=\"Frame 392\"><circle id=\"Ellipse 7\" cx=\"12\" cy=\"12.5\" r=\"12\" fill=\"#F8FFF5\"><\/circle><path id=\"Vector 3\" d=\"M8 13.3889L10.7692 16.5L16 9.5\" stroke=\"#75C74C\" stroke-width=\"2\" stroke-linecap=\"round\" stroke-linejoin=\"round\"><\/path><\/g><\/svg>\t\t\t\t\t\t<\/span>\n\t\t\t\t\t\t\t\t\t\t<span class=\"elementor-icon-list-text\">Unterst\u00fctzung f\u00fcr Business Creator ohne IT-Abh\u00e4ngigkeit<\/span>\n\t\t\t\t\t\t\t\t\t<\/li>\n\t\t\t\t\t\t\t\t<li class=\"elementor-icon-list-item\">\n\t\t\t\t\t\t\t\t\t\t\t<span class=\"elementor-icon-list-icon\">\n\t\t\t\t\t\t\t<svg xmlns=\"http:\/\/www.w3.org\/2000\/svg\" width=\"24\" height=\"25\" viewBox=\"0 0 24 25\" fill=\"none\"><g id=\"Frame 392\"><circle id=\"Ellipse 7\" cx=\"12\" cy=\"12.5\" r=\"12\" fill=\"#F8FFF5\"><\/circle><path id=\"Vector 3\" d=\"M8 13.3889L10.7692 16.5L16 9.5\" stroke=\"#75C74C\" stroke-width=\"2\" stroke-linecap=\"round\" stroke-linejoin=\"round\"><\/path><\/g><\/svg>\t\t\t\t\t\t<\/span>\n\t\t\t\t\t\t\t\t\t\t<span class=\"elementor-icon-list-text\">Einheitliche Governance mit dezentraler Freiheit<\/span>\n\t\t\t\t\t\t\t\t\t<\/li>\n\t\t\t\t\t\t\t\t<li class=\"elementor-icon-list-item\">\n\t\t\t\t\t\t\t\t\t\t\t<span class=\"elementor-icon-list-icon\">\n\t\t\t\t\t\t\t<svg xmlns=\"http:\/\/www.w3.org\/2000\/svg\" width=\"24\" height=\"25\" viewBox=\"0 0 24 25\" fill=\"none\"><g id=\"Frame 392\"><circle id=\"Ellipse 7\" cx=\"12\" cy=\"12.5\" r=\"12\" fill=\"#F8FFF5\"><\/circle><path id=\"Vector 3\" d=\"M8 13.3889L10.7692 16.5L16 9.5\" stroke=\"#75C74C\" stroke-width=\"2\" stroke-linecap=\"round\" stroke-linejoin=\"round\"><\/path><\/g><\/svg>\t\t\t\t\t\t<\/span>\n\t\t\t\t\t\t\t\t\t\t<span class=\"elementor-icon-list-text\">Marktplatz f\u00fcr die Monetarisierung interner und externer Services<\/span>\n\t\t\t\t\t\t\t\t\t<\/li>\n\t\t\t\t\t\t<\/ul>\n\t\t\t\t\t\t<\/div>\n\t\t\t\t<div class=\"elementor-element elementor-element-46d13c2 elementor-widget elementor-widget-heading\" data-id=\"46d13c2\" data-element_type=\"widget\" data-widget_type=\"heading.default\">\n\t\t\t\t\t<p class=\"elementor-heading-title elementor-size-default\">Lassen Sie uns gemeinsam die Composable Zukunft gestalten.<\/p>\t\t\t\t<\/div>\n\t\t\t\t<\/div>\n\t\t\t\t\t<\/div>\n\t\t\t\t<\/div>\n\t\t\t\t<\/div>\n\t\t","protected":false},"excerpt":{"rendered":"<p>Home \u00dcber Q-nnect Composable by Design Q-nnect erm\u00f6glicht es Unternehmen, traditionelle IT-Engp\u00e4sse zu \u00fcberwinden, indem es modulare, wiederverwendbare und skalierbare [&hellip;]<\/p>\n","protected":false},"author":1,"featured_media":0,"parent":0,"menu_order":0,"comment_status":"closed","ping_status":"closed","template":"","meta":{"_acf_changed":false,"site-sidebar-layout":"no-sidebar","site-content-layout":"","ast-site-content-layout":"full-width-container","site-content-style":"default","site-sidebar-style":"default","ast-global-header-display":"","ast-banner-title-visibility":"","ast-main-header-display":"","ast-hfb-above-header-display":"","ast-hfb-below-header-display":"","ast-hfb-mobile-header-display":"","site-post-title":"disabled","ast-breadcrumbs-content":"","ast-featured-img":"disabled","footer-sml-layout":"","theme-transparent-header-meta":"default","adv-header-id-meta":"","stick-header-meta":"","header-above-stick-meta":"","header-main-stick-meta":"","header-below-stick-meta":"","astra-migrate-meta-layouts":"set","ast-page-background-enabled":"default","ast-page-background-meta":{"desktop":{"background-color":"var(--ast-global-color-5)","background-image":"","background-repeat":"repeat","background-position":"center center","background-size":"auto","background-attachment":"scroll","background-type":"","background-media":"","overlay-type":"","overlay-color":"","overlay-opacity":"","overlay-gradient":""},"tablet":{"background-color":"","background-image":"","background-repeat":"repeat","background-position":"center center","background-size":"auto","background-attachment":"scroll","background-type":"","background-media":"","overlay-type":"","overlay-color":"","overlay-opacity":"","overlay-gradient":""},"mobile":{"background-color":"","background-image":"","background-repeat":"repeat","background-position":"center center","background-size":"auto","background-attachment":"scroll","background-type":"","background-media":"","overlay-type":"","overlay-color":"","overlay-opacity":"","overlay-gradient":""}},"ast-content-background-meta":{"desktop":{"background-color":"var(--ast-global-color-4)","background-image":"","background-repeat":"repeat","background-position":"center center","background-size":"auto","background-attachment":"scroll","background-type":"","background-media":"","overlay-type":"","overlay-color":"","overlay-opacity":"","overlay-gradient":""},"tablet":{"background-color":"var(--ast-global-color-4)","background-image":"","background-repeat":"repeat","background-position":"center center","background-size":"auto","background-attachment":"scroll","background-type":"","background-media":"","overlay-type":"","overlay-color":"","overlay-opacity":"","overlay-gradient":""},"mobile":{"background-color":"var(--ast-global-color-4)","background-image":"","background-repeat":"repeat","background-position":"center center","background-size":"auto","background-attachment":"scroll","background-type":"","background-media":"","overlay-type":"","overlay-color":"","overlay-opacity":"","overlay-gradient":""}},"footnotes":""},"class_list":["post-2608","page","type-page","status-publish","hentry"],"acf":[],"_links":{"self":[{"href":"https:\/\/q-nnect.me\/de\/wp-json\/wp\/v2\/pages\/2608","targetHints":{"allow":["GET"]}}],"collection":[{"href":"https:\/\/q-nnect.me\/de\/wp-json\/wp\/v2\/pages"}],"about":[{"href":"https:\/\/q-nnect.me\/de\/wp-json\/wp\/v2\/types\/page"}],"author":[{"embeddable":true,"href":"https:\/\/q-nnect.me\/de\/wp-json\/wp\/v2\/users\/1"}],"replies":[{"embeddable":true,"href":"https:\/\/q-nnect.me\/de\/wp-json\/wp\/v2\/comments?post=2608"}],"version-history":[{"count":4,"href":"https:\/\/q-nnect.me\/de\/wp-json\/wp\/v2\/pages\/2608\/revisions"}],"predecessor-version":[{"id":2613,"href":"https:\/\/q-nnect.me\/de\/wp-json\/wp\/v2\/pages\/2608\/revisions\/2613"}],"wp:attachment":[{"href":"https:\/\/q-nnect.me\/de\/wp-json\/wp\/v2\/media?parent=2608"}],"curies":[{"name":"wp","href":"https:\/\/api.w.org\/{rel}","templated":true}]}}